{"id":2607,"date":"2020-10-05T09:49:47","date_gmt":"2020-10-05T07:49:47","guid":{"rendered":"https:\/\/viewlegal.pl\/contact\/"},"modified":"2020-10-05T09:49:51","modified_gmt":"2020-10-05T07:49:51","slug":"contact","status":"publish","type":"page","link":"https:\/\/viewlegal.pl\/en\/contact\/","title":{"rendered":"CONTACT"},"content":{"rendered":"<p><iframe frameborder=\"0\" scrolling=\"no\" marginheight=\"0\" marginwidth=\"0\" src=\"https:\/\/maps.google.com\/maps?q=ul.%20Pi%C5%82sudskiego%2012%2C%20Wroc%C5%82aw&amp;t=m&amp;z=12&amp;output=embed&amp;iwloc=near\" aria-label=\"ul. Pi\u0142sudskiego 12, Wroc\u0142aw\"><\/iframe>\t\t<\/p>\n<h2>Skontaktuj si\u0119 z nami<\/h2>\n\n<div class=\"wpcf7 no-js\" id=\"wpcf7-f2218-o1\" lang=\"pl-PL\" dir=\"ltr\" data-wpcf7-id=\"2218\">\n<div class=\"screen-reader-response\"><p role=\"status\" aria-live=\"polite\" aria-atomic=\"true\"><\/p> <ul><\/ul><\/div>\n<form action=\"\/en\/wp-json\/wp\/v2\/pages\/2607#wpcf7-f2218-o1\" method=\"post\" class=\"wpcf7-form init\" aria-label=\"Formularz kontaktowy\" novalidate=\"novalidate\" data-status=\"init\">\n<fieldset class=\"hidden-fields-container\"><input type=\"hidden\" name=\"_wpcf7\" value=\"2218\" \/><input type=\"hidden\" name=\"_wpcf7_version\" value=\"6.1.5\" \/><input type=\"hidden\" name=\"_wpcf7_locale\" value=\"pl_PL\" \/><input type=\"hidden\" name=\"_wpcf7_unit_tag\" value=\"wpcf7-f2218-o1\" \/><input type=\"hidden\" name=\"_wpcf7_container_post\" value=\"0\" \/><input type=\"hidden\" name=\"_wpcf7_posted_data_hash\" value=\"\" \/><input type=\"hidden\" name=\"_wpcf7_recaptcha_response\" value=\"\" \/>\n<\/fieldset>\n<p><label> Imi\u0119 i nazwisko (wymagane)<br \/>\n<span class=\"wpcf7-form-control-wrap\" data-name=\"your-name\"><input size=\"40\" maxlength=\"400\" class=\"wpcf7-form-control wpcf7-text wpcf7-validates-as-required\" aria-required=\"true\" aria-invalid=\"false\" value=\"\" type=\"text\" name=\"your-name\" \/><\/span> <\/label><span style=\"color: white\"><\/span>\n<\/p>\n<p><label> Tw\u00f3j email (wymagane)<br \/>\n<span class=\"wpcf7-form-control-wrap\" data-name=\"your-email\"><input size=\"40\" maxlength=\"400\" class=\"wpcf7-form-control wpcf7-email wpcf7-validates-as-required wpcf7-text wpcf7-validates-as-email\" aria-required=\"true\" aria-invalid=\"false\" value=\"\" type=\"email\" name=\"your-email\" \/><\/span> <\/label><span style=\"color: white\"><\/span>\n<\/p>\n<p><span class=\"wpcf7-form-control-wrap\" data-name=\"tel-652\"><input size=\"40\" maxlength=\"400\" class=\"wpcf7-form-control wpcf7-tel wpcf7-text wpcf7-validates-as-tel\" aria-invalid=\"false\" value=\"\" type=\"tel\" name=\"tel-652\" \/><\/span><span style=\"color: white\"><\/span>\n<\/p>\n<p><label> Temat<br \/>\n<span class=\"wpcf7-form-control-wrap\" data-name=\"your-subject\"><input size=\"40\" maxlength=\"400\" class=\"wpcf7-form-control wpcf7-text\" aria-invalid=\"false\" value=\"\" type=\"text\" name=\"your-subject\" \/><\/span> <\/label><span style=\"color: white\"><\/span>\n<\/p>\n<p><label> Tre\u015b\u0107 wiadomo\u015bci<br \/>\n<span class=\"wpcf7-form-control-wrap\" data-name=\"your-message\"><textarea cols=\"40\" rows=\"10\" maxlength=\"2000\" class=\"wpcf7-form-control wpcf7-textarea\" aria-invalid=\"false\" name=\"your-message\"><\/textarea><\/span> <\/label>\n<\/p>\n<p><input class=\"wpcf7-form-control wpcf7-submit has-spinner\" type=\"submit\" value=\"Wy\u015blij\" \/>\n<\/p><div class=\"wpcf7-response-output\" aria-hidden=\"true\"><\/div>\n<\/form>\n<\/div>\n\n<p>Wysy\u0142aj\u0105c do nas powy\u017cszy formularz wyra\u017casz dobrowoln\u0105 zgod\u0119 na przetwarzanie zawartych w nim danych osobowych, w celu umo\u017cliwienia mi kontaktu zwrotnego drog\u0105 elektroniczn\u0105 (telefon lub e-mail).<br \/>Szczeg\u00f3\u0142y dotycz\u0105ce sposobu, w jaki przetwarzamy Twoje dane znajdziesz w&nbsp;<a href=\"https:\/\/viewlegal.pl\/polityka-prywatnosci\/\" target=\"_blank\" rel=\"noopener noreferrer\" data-mce-href=\"https:\/\/viewlegal.pl\/polityka-prywatnosci\/\">Polityce Prywatno\u015bci<\/a>.<\/p>\n<h2>Contact<\/h2>\n<h4 style=\"text-align: center;\" data-mce-style=\"text-align: center;\">The View Law Firm<\/h4>\n<p>BIURO:&nbsp;<b>ul. Pi\u0142sudskiego 12 lok. 4, 50-049 Wroc\u0142aw<\/b><\/p>\n<h4 style=\"text-align: center;\" data-mce-style=\"text-align: center;\">E-MAIL:&nbsp;<a href=\"mailto:kancelaria@viewlegal.pl\" data-mce-href=\"mailto:kancelaria@viewlegal.pl\"><b>&nbsp;kancelaria@viewlegal.pl<\/b><\/a><\/h4>\n<h4 style=\"text-align: center;\" data-mce-style=\"text-align: center;\">TEL.&nbsp;&nbsp;<a href=\"tel:713546662\" data-mce-href=\"tel:713546662\"><strong>713546662<\/strong><\/a><\/h4>\n","protected":false},"excerpt":{"rendered":"<p>Skontaktuj si\u0119 z nami Wysy\u0142aj\u0105c do nas powy\u017cszy formularz wyra\u017casz dobrowoln\u0105 zgod\u0119 na przetwarzanie zawartych w nim danych osobowych, w celu umo\u017cliwienia mi kontaktu zwrotnego drog\u0105 elektroniczn\u0105 (telefon lub e-mail).Szczeg\u00f3\u0142y dotycz\u0105ce sposobu, w jaki przetwarzamy Twoje dane znajdziesz w&nbsp;Polityce Prywatno\u015bci. Contact The View Law Firm BIURO:&nbsp;ul. Pi\u0142sudskiego 12 lok. 4, 50-049 Wroc\u0142aw E-MAIL:&nbsp;&nbsp;kancelaria@viewlegal.pl TEL.&nbsp;&nbsp;713546662<\/p>\n","protected":false},"author":1,"featured_media":0,"parent":0,"menu_order":0,"comment_status":"closed","ping_status":"closed","template":"","meta":{"footnotes":""},"class_list":["post-2607","page","type-page","status-publish","hentry"],"_links":{"self":[{"href":"https:\/\/viewlegal.pl\/en\/wp-json\/wp\/v2\/pages\/2607","targetHints":{"allow":["GET"]}}],"collection":[{"href":"https:\/\/viewlegal.pl\/en\/wp-json\/wp\/v2\/pages"}],"about":[{"href":"https:\/\/viewlegal.pl\/en\/wp-json\/wp\/v2\/types\/page"}],"author":[{"embeddable":true,"href":"https:\/\/viewlegal.pl\/en\/wp-json\/wp\/v2\/users\/1"}],"replies":[{"embeddable":true,"href":"https:\/\/viewlegal.pl\/en\/wp-json\/wp\/v2\/comments?post=2607"}],"version-history":[{"count":3,"href":"https:\/\/viewlegal.pl\/en\/wp-json\/wp\/v2\/pages\/2607\/revisions"}],"predecessor-version":[{"id":2614,"href":"https:\/\/viewlegal.pl\/en\/wp-json\/wp\/v2\/pages\/2607\/revisions\/2614"}],"wp:attachment":[{"href":"https:\/\/viewlegal.pl\/en\/wp-json\/wp\/v2\/media?parent=2607"}],"curies":[{"name":"wp","href":"https:\/\/api.w.org\/{rel}","templated":true}]}}